{"id":2190,"date":"2025-04-23T14:14:59","date_gmt":"2025-04-23T14:14:59","guid":{"rendered":"https:\/\/hetbuitenlokaaldrenthe.nl\/?page_id=2190"},"modified":"2025-04-30T14:34:57","modified_gmt":"2025-04-30T14:34:57","slug":"was-zu-machen","status":"publish","type":"page","link":"https:\/\/hetbuitenlokaaldrenthe.nl\/de\/was-zu-machen\/","title":{"rendered":"Was zu machen"},"content":{"rendered":"<style type=\"text\/css\">\n    .header-heights {\n        height: 65vh;\n    }\n    .header-heights.home {\n        height: 70vh;\n    }\n    @media (max-width: 767px) {\n        .header-heights {\n            height: ;\n        }\n        .header-heights.home {\n            height: ;\n        }\n    }\n<\/style><section class=\"header-img\">\n        <div class=\"img-inner header-heights\" style=\"background-image: url(https:\/\/hetbuitenlokaaldrenthe.nl\/wp-content\/uploads\/2025\/04\/natuur-3-1600x1066.jpg);\"><div class=\"header_txt\">\n                <h3>MEISTERHAFTE<\/h3>\n                <h2>\u00dcBERNACHTUNG<\/h2><\/div><div class=\"container zb-container\"><\/div><\/div><\/section>\n\n\n<h1 class=\"wp-block-heading\">Was zu machen<\/h1>\n\n\n\n<p>W\u00e4hrend Ihres Aufenthalts im Het Buitenlokaal werden Sie sich bestimmt nicht langweilen. Unser eigener Standort und unsere Umgebung &nbsp;bieten viel zur Erholung und Bewegung, auch im Bereich Natur und Kultur.<\/p>\n\n\n<div class=\"overzicht-archive row tz-blocks\"><a href=\"\" class=\"col-blocks-2\"><img decoding=\"async\" src=\"https:\/\/hetbuitenlokaaldrenthe.nl\/wp-content\/uploads\/2025\/04\/buitenkant-school-1-750x500.jpg\" alt=\"\" class=\"attachment-medium size-medium not-transparent wp-post-image\"><div class=\"overview-text\"><h3>In der Schule<\/h3><p>M\u00f6chten Sie in und um Ihr Ferienhaus verbleiben? Der einzigartige Au\u00dfenbereich der Schule mit eigenem Wald l\u00e4dt zum Entspannen, Spielen oder Genie\u00dfen der Natur und zum Verbringen vieler sch\u00f6ner Stunden im Freien ein.<\/p>\n<span class=\"btn read-more\">Mehr lesen <\/span><\/div><\/a><a href=\"\" class=\"col-blocks-2\"><img decoding=\"async\" src=\"https:\/\/hetbuitenlokaaldrenthe.nl\/wp-content\/uploads\/2025\/04\/natuur-3-750x500.jpg\" alt=\"\" class=\"attachment-medium size-medium not-transparent wp-post-image\"><div class=\"overview-text\"><h3>Umgebung<\/h3><p>M\u00f6chten Sie ausgehen? Het Buitenlokaal ist ein perfekter Ausgangspunkt, um Drenthe zu erkunden. In den Wohnungen haben wir f\u00fcr Sie Ideen und Tipps zur Umgebung gesammelt. Au\u00dferdem gibt es Wander- und Fahrradkarten, die Sie kostenlos nutzen k\u00f6nnen. Haben Sie Fragen? Bitte kontaktieren Sie uns, damit wir Sie gerne \u00fcber die M\u00f6glichkeiten, die Drenthe bietet, informieren k\u00f6nnen.<\/p>\n<span class=\"btn read-more\">Mehr lesen <\/span><\/div><\/a><\/div>\n\n<style type=\"text\/css\">\n    .omgeving-height {\n        height: 70vh;\n    }\n    @media (max-width: 767px) {\n        .omgeving-height {\n            height: ;\n        }\n    }\n<\/style><section class=\"omgeving omgeving-full-width\">\n        <div class=\"omgeving-inner omgeving-height\" style=\"background-image: url(https:\/\/hetbuitenlokaaldrenthe.nl\/wp-content\/uploads\/2025\/04\/buitenkant-school-2-1600x1066.jpg);\"><div class=\"omgeving-text\">\n                <div class=\"text\"><h3>Verbringen Sie Ihren Urlaub in einer alten Schule<\/h3>\n<p>Buchen Sie Ihren Urlaub in einer alten Schule in der N\u00e4he von Dwingeloo und lassen Sie sich von der Sch\u00f6nheit Drenthes \u00fcberraschen.<\/p>\n<\/div><\/div><\/div><\/section>","protected":false},"excerpt":{"rendered":"<p>Was zu machen W\u00e4hrend Ihres Aufenthalts im Het Buitenlokaal werden Sie sich bestimmt nicht langweilen. Unser eigener Standort und unsere Umgebung &nbsp;bieten viel zur Erholung und Bewegung, auch im Bereich Natur und Kultur.<\/p>\n","protected":false},"author":1,"featured_media":2171,"parent":0,"menu_order":0,"comment_status":"closed","ping_status":"closed","template":"","meta":{"footnotes":""},"class_list":["post-2190","page","type-page","status-publish","has-post-thumbnail","hentry"],"acf":[],"yoast_head":"<!-- This site is optimized with the Yoast SEO plugin v24.9 - https:\/\/yoast.com\/wordpress\/plugins\/seo\/ -->\n<title>Was zu machen | Het Buitenlokaal<\/title>\n<meta name=\"description\" content=\"Wohnungen in Drenthe? Entdecken Sie das Outdoor-Klassenzimmer! \u2705 bis zu 16 Schlafpl\u00e4tze \u2705 Verschiedene Nationalparks \u2705 In der N\u00e4he des Randdorfes Dwingeloo\" \/>\n<meta name=\"robots\" content=\"index, follow, max-snippet:-1, max-image-preview:large, max-video-preview:-1\" \/>\n<link rel=\"canonical\" href=\"https:\/\/hetbuitenlokaaldrenthe.nl\/de\/was-zu-machen\/\" \/>\n<meta property=\"og:locale\" content=\"de_DE\" \/>\n<meta property=\"og:type\" content=\"article\" \/>\n<meta property=\"og:title\" content=\"Was zu machen | Het Buitenlokaal\" \/>\n<meta property=\"og:description\" content=\"Wohnungen in Drenthe? Entdecken Sie das Outdoor-Klassenzimmer! \u2705 bis zu 16 Schlafpl\u00e4tze \u2705 Verschiedene Nationalparks \u2705 In der N\u00e4he des Randdorfes Dwingeloo\" \/>\n<meta property=\"og:url\" content=\"https:\/\/hetbuitenlokaaldrenthe.nl\/de\/was-zu-machen\/\" \/>\n<meta property=\"og:site_name\" content=\"Het Buitenlokaal\" \/>\n<meta property=\"article:modified_time\" content=\"2025-04-30T14:34:57+00:00\" \/>\n<meta property=\"og:image\" content=\"http:\/\/hetbuitenlokaaldrenthe.nl\/wp-content\/uploads\/2025\/04\/natuur-4.jpg\" \/>\n\t<meta property=\"og:image:width\" content=\"2000\" \/>\n\t<meta property=\"og:image:height\" content=\"1333\" \/>\n\t<meta property=\"og:image:type\" content=\"image\/jpeg\" \/>\n<meta name=\"twitter:card\" content=\"summary_large_image\" \/>\n<meta name=\"twitter:label1\" content=\"Gesch\u00e4tzte Lesezeit\" \/>\n\t<meta name=\"twitter:data1\" content=\"1\u00a0Minute\" \/>\n<script type=\"application\/ld+json\" class=\"yoast-schema-graph\">{\"@context\":\"https:\/\/schema.org\",\"@graph\":[{\"@type\":\"WebPage\",\"@id\":\"https:\/\/hetbuitenlokaaldrenthe.nl\/de\/was-zu-machen\/\",\"url\":\"https:\/\/hetbuitenlokaaldrenthe.nl\/de\/was-zu-machen\/\",\"name\":\"Was zu machen | Het Buitenlokaal\",\"isPartOf\":{\"@id\":\"https:\/\/hetbuitenlokaaldrenthe.nl\/#website\"},\"primaryImageOfPage\":{\"@id\":\"https:\/\/hetbuitenlokaaldrenthe.nl\/de\/was-zu-machen\/#primaryimage\"},\"image\":{\"@id\":\"https:\/\/hetbuitenlokaaldrenthe.nl\/de\/was-zu-machen\/#primaryimage\"},\"thumbnailUrl\":\"https:\/\/hetbuitenlokaaldrenthe.nl\/wp-content\/uploads\/2025\/04\/natuur-4.jpg\",\"datePublished\":\"2025-04-23T14:14:59+00:00\",\"dateModified\":\"2025-04-30T14:34:57+00:00\",\"description\":\"Wohnungen in Drenthe? Entdecken Sie das Outdoor-Klassenzimmer! \u2705 bis zu 16 Schlafpl\u00e4tze \u2705 Verschiedene Nationalparks \u2705 In der N\u00e4he des Randdorfes Dwingeloo\",\"breadcrumb\":{\"@id\":\"https:\/\/hetbuitenlokaaldrenthe.nl\/de\/was-zu-machen\/#breadcrumb\"},\"inLanguage\":\"de\",\"potentialAction\":[{\"@type\":\"ReadAction\",\"target\":[\"https:\/\/hetbuitenlokaaldrenthe.nl\/de\/was-zu-machen\/\"]}]},{\"@type\":\"ImageObject\",\"inLanguage\":\"de\",\"@id\":\"https:\/\/hetbuitenlokaaldrenthe.nl\/de\/was-zu-machen\/#primaryimage\",\"url\":\"https:\/\/hetbuitenlokaaldrenthe.nl\/wp-content\/uploads\/2025\/04\/natuur-4.jpg\",\"contentUrl\":\"https:\/\/hetbuitenlokaaldrenthe.nl\/wp-content\/uploads\/2025\/04\/natuur-4.jpg\",\"width\":2000,\"height\":1333},{\"@type\":\"BreadcrumbList\",\"@id\":\"https:\/\/hetbuitenlokaaldrenthe.nl\/de\/was-zu-machen\/#breadcrumb\",\"itemListElement\":[{\"@type\":\"ListItem\",\"position\":1,\"name\":\"Home\",\"item\":\"https:\/\/hetbuitenlokaaldrenthe.nl\/de\/\"},{\"@type\":\"ListItem\",\"position\":2,\"name\":\"Was zu machen\"}]},{\"@type\":\"WebSite\",\"@id\":\"https:\/\/hetbuitenlokaaldrenthe.nl\/#website\",\"url\":\"https:\/\/hetbuitenlokaaldrenthe.nl\/\",\"name\":\"Het Buitenlokaal\",\"description\":\"Meesterlijk overnachten\",\"publisher\":{\"@id\":\"https:\/\/hetbuitenlokaaldrenthe.nl\/#organization\"},\"alternateName\":\"Het Buitenlokaal Drenthe\",\"potentialAction\":[{\"@type\":\"SearchAction\",\"target\":{\"@type\":\"EntryPoint\",\"urlTemplate\":\"https:\/\/hetbuitenlokaaldrenthe.nl\/?s={search_term_string}\"},\"query-input\":{\"@type\":\"PropertyValueSpecification\",\"valueRequired\":true,\"valueName\":\"search_term_string\"}}],\"inLanguage\":\"de\"},{\"@type\":\"Organization\",\"@id\":\"https:\/\/hetbuitenlokaaldrenthe.nl\/#organization\",\"name\":\"Het Buitenlokaal\",\"alternateName\":\"Het Buitenlokaal Drenthe\",\"url\":\"https:\/\/hetbuitenlokaaldrenthe.nl\/\",\"logo\":{\"@type\":\"ImageObject\",\"inLanguage\":\"de\",\"@id\":\"https:\/\/hetbuitenlokaaldrenthe.nl\/#\/schema\/logo\/image\/\",\"url\":\"https:\/\/hetbuitenlokaaldrenthe.nl\/wp-content\/uploads\/2024\/05\/cropped-Het-Buitenlokaal-N-Beeldmerk.png\",\"contentUrl\":\"https:\/\/hetbuitenlokaaldrenthe.nl\/wp-content\/uploads\/2024\/05\/cropped-Het-Buitenlokaal-N-Beeldmerk.png\",\"width\":512,\"height\":512,\"caption\":\"Het Buitenlokaal\"},\"image\":{\"@id\":\"https:\/\/hetbuitenlokaaldrenthe.nl\/#\/schema\/logo\/image\/\"},\"sameAs\":[\"https:\/\/www.instagram.com\/hetbuitenlokaaldrenthe\/\"]}]}<\/script>\n<!-- \/ Yoast SEO plugin. -->","yoast_head_json":{"title":"Was zu machen | Het Buitenlokaal","description":"Wohnungen in Drenthe? Entdecken Sie das Outdoor-Klassenzimmer! \u2705 bis zu 16 Schlafpl\u00e4tze \u2705 Verschiedene Nationalparks \u2705 In der N\u00e4he des Randdorfes Dwingeloo","robots":{"index":"index","follow":"follow","max-snippet":"max-snippet:-1","max-image-preview":"max-image-preview:large","max-video-preview":"max-video-preview:-1"},"canonical":"https:\/\/hetbuitenlokaaldrenthe.nl\/de\/was-zu-machen\/","og_locale":"de_DE","og_type":"article","og_title":"Was zu machen | Het Buitenlokaal","og_description":"Wohnungen in Drenthe? Entdecken Sie das Outdoor-Klassenzimmer! \u2705 bis zu 16 Schlafpl\u00e4tze \u2705 Verschiedene Nationalparks \u2705 In der N\u00e4he des Randdorfes Dwingeloo","og_url":"https:\/\/hetbuitenlokaaldrenthe.nl\/de\/was-zu-machen\/","og_site_name":"Het Buitenlokaal","article_modified_time":"2025-04-30T14:34:57+00:00","og_image":[{"width":2000,"height":1333,"url":"http:\/\/hetbuitenlokaaldrenthe.nl\/wp-content\/uploads\/2025\/04\/natuur-4.jpg","type":"image\/jpeg"}],"twitter_card":"summary_large_image","twitter_misc":{"Gesch\u00e4tzte Lesezeit":"1\u00a0Minute"},"schema":{"@context":"https:\/\/schema.org","@graph":[{"@type":"WebPage","@id":"https:\/\/hetbuitenlokaaldrenthe.nl\/de\/was-zu-machen\/","url":"https:\/\/hetbuitenlokaaldrenthe.nl\/de\/was-zu-machen\/","name":"Was zu machen | Het Buitenlokaal","isPartOf":{"@id":"https:\/\/hetbuitenlokaaldrenthe.nl\/#website"},"primaryImageOfPage":{"@id":"https:\/\/hetbuitenlokaaldrenthe.nl\/de\/was-zu-machen\/#primaryimage"},"image":{"@id":"https:\/\/hetbuitenlokaaldrenthe.nl\/de\/was-zu-machen\/#primaryimage"},"thumbnailUrl":"https:\/\/hetbuitenlokaaldrenthe.nl\/wp-content\/uploads\/2025\/04\/natuur-4.jpg","datePublished":"2025-04-23T14:14:59+00:00","dateModified":"2025-04-30T14:34:57+00:00","description":"Wohnungen in Drenthe? Entdecken Sie das Outdoor-Klassenzimmer! \u2705 bis zu 16 Schlafpl\u00e4tze \u2705 Verschiedene Nationalparks \u2705 In der N\u00e4he des Randdorfes Dwingeloo","breadcrumb":{"@id":"https:\/\/hetbuitenlokaaldrenthe.nl\/de\/was-zu-machen\/#breadcrumb"},"inLanguage":"de","potentialAction":[{"@type":"ReadAction","target":["https:\/\/hetbuitenlokaaldrenthe.nl\/de\/was-zu-machen\/"]}]},{"@type":"ImageObject","inLanguage":"de","@id":"https:\/\/hetbuitenlokaaldrenthe.nl\/de\/was-zu-machen\/#primaryimage","url":"https:\/\/hetbuitenlokaaldrenthe.nl\/wp-content\/uploads\/2025\/04\/natuur-4.jpg","contentUrl":"https:\/\/hetbuitenlokaaldrenthe.nl\/wp-content\/uploads\/2025\/04\/natuur-4.jpg","width":2000,"height":1333},{"@type":"BreadcrumbList","@id":"https:\/\/hetbuitenlokaaldrenthe.nl\/de\/was-zu-machen\/#breadcrumb","itemListElement":[{"@type":"ListItem","position":1,"name":"Home","item":"https:\/\/hetbuitenlokaaldrenthe.nl\/de\/"},{"@type":"ListItem","position":2,"name":"Was zu machen"}]},{"@type":"WebSite","@id":"https:\/\/hetbuitenlokaaldrenthe.nl\/#website","url":"https:\/\/hetbuitenlokaaldrenthe.nl\/","name":"Het Buitenlokaal","description":"Meesterlijk overnachten","publisher":{"@id":"https:\/\/hetbuitenlokaaldrenthe.nl\/#organization"},"alternateName":"Het Buitenlokaal Drenthe","potentialAction":[{"@type":"SearchAction","target":{"@type":"EntryPoint","urlTemplate":"https:\/\/hetbuitenlokaaldrenthe.nl\/?s={search_term_string}"},"query-input":{"@type":"PropertyValueSpecification","valueRequired":true,"valueName":"search_term_string"}}],"inLanguage":"de"},{"@type":"Organization","@id":"https:\/\/hetbuitenlokaaldrenthe.nl\/#organization","name":"Het Buitenlokaal","alternateName":"Het Buitenlokaal Drenthe","url":"https:\/\/hetbuitenlokaaldrenthe.nl\/","logo":{"@type":"ImageObject","inLanguage":"de","@id":"https:\/\/hetbuitenlokaaldrenthe.nl\/#\/schema\/logo\/image\/","url":"https:\/\/hetbuitenlokaaldrenthe.nl\/wp-content\/uploads\/2024\/05\/cropped-Het-Buitenlokaal-N-Beeldmerk.png","contentUrl":"https:\/\/hetbuitenlokaaldrenthe.nl\/wp-content\/uploads\/2024\/05\/cropped-Het-Buitenlokaal-N-Beeldmerk.png","width":512,"height":512,"caption":"Het Buitenlokaal"},"image":{"@id":"https:\/\/hetbuitenlokaaldrenthe.nl\/#\/schema\/logo\/image\/"},"sameAs":["https:\/\/www.instagram.com\/hetbuitenlokaaldrenthe\/"]}]}},"_links":{"self":[{"href":"https:\/\/hetbuitenlokaaldrenthe.nl\/de\/wp-json\/wp\/v2\/pages\/2190","targetHints":{"allow":["GET"]}}],"collection":[{"href":"https:\/\/hetbuitenlokaaldrenthe.nl\/de\/wp-json\/wp\/v2\/pages"}],"about":[{"href":"https:\/\/hetbuitenlokaaldrenthe.nl\/de\/wp-json\/wp\/v2\/types\/page"}],"author":[{"embeddable":true,"href":"https:\/\/hetbuitenlokaaldrenthe.nl\/de\/wp-json\/wp\/v2\/users\/1"}],"replies":[{"embeddable":true,"href":"https:\/\/hetbuitenlokaaldrenthe.nl\/de\/wp-json\/wp\/v2\/comments?post=2190"}],"version-history":[{"count":4,"href":"https:\/\/hetbuitenlokaaldrenthe.nl\/de\/wp-json\/wp\/v2\/pages\/2190\/revisions"}],"predecessor-version":[{"id":2242,"href":"https:\/\/hetbuitenlokaaldrenthe.nl\/de\/wp-json\/wp\/v2\/pages\/2190\/revisions\/2242"}],"wp:featuredmedia":[{"embeddable":true,"href":"https:\/\/hetbuitenlokaaldrenthe.nl\/de\/wp-json\/wp\/v2\/media\/2171"}],"wp:attachment":[{"href":"https:\/\/hetbuitenlokaaldrenthe.nl\/de\/wp-json\/wp\/v2\/media?parent=2190"}],"curies":[{"name":"wp","href":"https:\/\/api.w.org\/{rel}","templated":true}]}}