{"id":2197,"date":"2025-04-23T13:33:18","date_gmt":"2025-04-23T13:33:18","guid":{"rendered":"https:\/\/hetbuitenlokaaldrenthe.nl\/?page_id=2197"},"modified":"2025-04-30T09:04:23","modified_gmt":"2025-04-30T09:04:23","slug":"umgebung","status":"publish","type":"page","link":"https:\/\/hetbuitenlokaaldrenthe.nl\/de\/umgebung\/","title":{"rendered":"Umgebung"},"content":{"rendered":"<section class=\"gallery-section top-gallery\"><h3>Alle Fotos anzeigen<\/h3><div class=\"gallery gallery-columns-4 gallery-size-medium\"><figure class=\"gallery-item acco1\"><div class=\"gallery-icon\"><a href=\"https:\/\/hetbuitenlokaaldrenthe.nl\/wp-content\/uploads\/2025\/04\/leggelerveld.jpg\" data-fancybox=\"gallery\"><img src=\"https:\/\/hetbuitenlokaaldrenthe.nl\/wp-content\/uploads\/2025\/04\/leggelerveld-1600x1068.jpg\" class=\"attachment-large size-large\" alt=\"\" decoding=\"async\" fetchpriority=\"high\" srcset=\"https:\/\/hetbuitenlokaaldrenthe.nl\/wp-content\/uploads\/2025\/04\/leggelerveld-1600x1068.jpg 300w, https:\/\/hetbuitenlokaaldrenthe.nl\/wp-content\/uploads\/2025\/04\/leggelerveld-1600x1068.jpg 1024w, https:\/\/hetbuitenlokaaldrenthe.nl\/wp-content\/uploads\/2025\/04\/leggelerveld-768x513.jpg 768w, https:\/\/hetbuitenlokaaldrenthe.nl\/wp-content\/uploads\/2025\/04\/leggelerveld.jpg 1200w\" sizes=\"(max-width: 300px) 100vw, 300px\"><\/a><\/div><\/figure><figure class=\"gallery-item acco2\"><div class=\"gallery-icon\"><a href=\"https:\/\/hetbuitenlokaaldrenthe.nl\/wp-content\/uploads\/2025\/04\/natuur-3.jpg\" data-fancybox=\"gallery\"><img src=\"https:\/\/hetbuitenlokaaldrenthe.nl\/wp-content\/uploads\/2025\/04\/natuur-3-750x500.jpg\" class=\"attachment-medium size-medium\" alt=\"\" decoding=\"async\" fetchpriority=\"high\" srcset=\"https:\/\/hetbuitenlokaaldrenthe.nl\/wp-content\/uploads\/2025\/04\/natuur-3-750x500.jpg 300w, https:\/\/hetbuitenlokaaldrenthe.nl\/wp-content\/uploads\/2025\/04\/natuur-3-1600x1066.jpg 1024w, https:\/\/hetbuitenlokaaldrenthe.nl\/wp-content\/uploads\/2025\/04\/natuur-3-768x512.jpg 768w, https:\/\/hetbuitenlokaaldrenthe.nl\/wp-content\/uploads\/2025\/04\/natuur-3.jpg 1200w\" sizes=\"(max-width: 300px) 100vw, 300px\"><\/a><\/div><\/figure><figure class=\"gallery-item acco3\"><div class=\"gallery-icon\"><a href=\"https:\/\/hetbuitenlokaaldrenthe.nl\/wp-content\/uploads\/2025\/04\/natuur-4.jpg\" data-fancybox=\"gallery\"><img src=\"https:\/\/hetbuitenlokaaldrenthe.nl\/wp-content\/uploads\/2025\/04\/natuur-4-750x500.jpg\" class=\"attachment-medium size-medium\" alt=\"\" decoding=\"async\" fetchpriority=\"high\" srcset=\"https:\/\/hetbuitenlokaaldrenthe.nl\/wp-content\/uploads\/2025\/04\/natuur-4-750x500.jpg 300w, https:\/\/hetbuitenlokaaldrenthe.nl\/wp-content\/uploads\/2025\/04\/natuur-4-1600x1066.jpg 1024w, https:\/\/hetbuitenlokaaldrenthe.nl\/wp-content\/uploads\/2025\/04\/natuur-4-768x512.jpg 768w, https:\/\/hetbuitenlokaaldrenthe.nl\/wp-content\/uploads\/2025\/04\/natuur-4.jpg 1200w\" sizes=\"(max-width: 300px) 100vw, 300px\"><\/a><\/div><\/figure><figure class=\"gallery-item acco4\"><div class=\"gallery-icon\"><a href=\"https:\/\/hetbuitenlokaaldrenthe.nl\/wp-content\/uploads\/2025\/04\/natuur-5.jpg\" data-fancybox=\"gallery\"><img src=\"https:\/\/hetbuitenlokaaldrenthe.nl\/wp-content\/uploads\/2025\/04\/natuur-5-750x500.jpg\" class=\"attachment-medium size-medium\" alt=\"\" decoding=\"async\" fetchpriority=\"high\" srcset=\"https:\/\/hetbuitenlokaaldrenthe.nl\/wp-content\/uploads\/2025\/04\/natuur-5-750x500.jpg 300w, https:\/\/hetbuitenlokaaldrenthe.nl\/wp-content\/uploads\/2025\/04\/natuur-5-1600x1066.jpg 1024w, https:\/\/hetbuitenlokaaldrenthe.nl\/wp-content\/uploads\/2025\/04\/natuur-5-768x512.jpg 768w, https:\/\/hetbuitenlokaaldrenthe.nl\/wp-content\/uploads\/2025\/04\/natuur-5.jpg 1200w\" sizes=\"(max-width: 300px) 100vw, 300px\"><\/a><\/div><\/figure><figure class=\"gallery-item\"><div class=\"gallery-icon\"><a href=\"https:\/\/hetbuitenlokaaldrenthe.nl\/wp-content\/uploads\/2025\/04\/natuur-6.jpg\" data-fancybox=\"gallery\"><img src=\"https:\/\/hetbuitenlokaaldrenthe.nl\/wp-content\/uploads\/2025\/04\/natuur-6-750x500.jpg\" class=\"attachment-medium size-medium\" alt=\"\" decoding=\"async\" fetchpriority=\"high\" srcset=\"https:\/\/hetbuitenlokaaldrenthe.nl\/wp-content\/uploads\/2025\/04\/natuur-6-750x500.jpg 300w, https:\/\/hetbuitenlokaaldrenthe.nl\/wp-content\/uploads\/2025\/04\/natuur-6-1600x1066.jpg 1024w, https:\/\/hetbuitenlokaaldrenthe.nl\/wp-content\/uploads\/2025\/04\/natuur-6-768x512.jpg 768w, https:\/\/hetbuitenlokaaldrenthe.nl\/wp-content\/uploads\/2025\/04\/natuur-6.jpg 1200w\" sizes=\"(max-width: 300px) 100vw, 300px\"><\/a><\/div><\/figure><figure class=\"gallery-item\"><div class=\"gallery-icon\"><a href=\"https:\/\/hetbuitenlokaaldrenthe.nl\/wp-content\/uploads\/2025\/04\/astron-dwingeloo.jpg\" data-fancybox=\"gallery\"><img src=\"https:\/\/hetbuitenlokaaldrenthe.nl\/wp-content\/uploads\/2025\/04\/astron-dwingeloo-750x500.jpg\" class=\"attachment-medium size-medium\" alt=\"\" decoding=\"async\" fetchpriority=\"high\" srcset=\"https:\/\/hetbuitenlokaaldrenthe.nl\/wp-content\/uploads\/2025\/04\/astron-dwingeloo-750x500.jpg 300w, https:\/\/hetbuitenlokaaldrenthe.nl\/wp-content\/uploads\/2025\/04\/astron-dwingeloo-1600x1066.jpg 1024w, https:\/\/hetbuitenlokaaldrenthe.nl\/wp-content\/uploads\/2025\/04\/astron-dwingeloo-768x512.jpg 768w, https:\/\/hetbuitenlokaaldrenthe.nl\/wp-content\/uploads\/2025\/04\/astron-dwingeloo.jpg 1200w\" sizes=\"(max-width: 300px) 100vw, 300px\"><\/a><\/div><\/figure><figure class=\"gallery-item\"><div class=\"gallery-icon\"><a href=\"https:\/\/hetbuitenlokaaldrenthe.nl\/wp-content\/uploads\/2025\/04\/blauwe-meer.jpg\" data-fancybox=\"gallery\"><img src=\"https:\/\/hetbuitenlokaaldrenthe.nl\/wp-content\/uploads\/2025\/04\/blauwe-meer-750x500.jpg\" class=\"attachment-medium size-medium\" alt=\"\" decoding=\"async\" fetchpriority=\"high\" srcset=\"https:\/\/hetbuitenlokaaldrenthe.nl\/wp-content\/uploads\/2025\/04\/blauwe-meer-750x500.jpg 300w, https:\/\/hetbuitenlokaaldrenthe.nl\/wp-content\/uploads\/2025\/04\/blauwe-meer-1600x1066.jpg 1024w, https:\/\/hetbuitenlokaaldrenthe.nl\/wp-content\/uploads\/2025\/04\/blauwe-meer-768x512.jpg 768w, https:\/\/hetbuitenlokaaldrenthe.nl\/wp-content\/uploads\/2025\/04\/blauwe-meer.jpg 1200w\" sizes=\"(max-width: 300px) 100vw, 300px\"><\/a><\/div><\/figure><figure class=\"gallery-item\"><div class=\"gallery-icon\"><a href=\"https:\/\/hetbuitenlokaaldrenthe.nl\/wp-content\/uploads\/2025\/04\/dorp-2-dwingeloo.jpg\" data-fancybox=\"gallery\"><img src=\"https:\/\/hetbuitenlokaaldrenthe.nl\/wp-content\/uploads\/2025\/04\/dorp-2-dwingeloo-750x500.jpg\" class=\"attachment-medium size-medium\" alt=\"\" decoding=\"async\" fetchpriority=\"high\" srcset=\"https:\/\/hetbuitenlokaaldrenthe.nl\/wp-content\/uploads\/2025\/04\/dorp-2-dwingeloo-750x500.jpg 300w, https:\/\/hetbuitenlokaaldrenthe.nl\/wp-content\/uploads\/2025\/04\/dorp-2-dwingeloo-1600x1066.jpg 1024w, https:\/\/hetbuitenlokaaldrenthe.nl\/wp-content\/uploads\/2025\/04\/dorp-2-dwingeloo-768x512.jpg 768w, https:\/\/hetbuitenlokaaldrenthe.nl\/wp-content\/uploads\/2025\/04\/dorp-2-dwingeloo.jpg 1200w\" sizes=\"(max-width: 300px) 100vw, 300px\"><\/a><\/div><\/figure><figure class=\"gallery-item\"><div class=\"gallery-icon\"><a href=\"https:\/\/hetbuitenlokaaldrenthe.nl\/wp-content\/uploads\/2025\/04\/dorp-dwingeloo.jpg\" data-fancybox=\"gallery\"><img src=\"https:\/\/hetbuitenlokaaldrenthe.nl\/wp-content\/uploads\/2025\/04\/dorp-dwingeloo-750x500.jpg\" class=\"attachment-medium size-medium\" alt=\"\" decoding=\"async\" fetchpriority=\"high\" srcset=\"https:\/\/hetbuitenlokaaldrenthe.nl\/wp-content\/uploads\/2025\/04\/dorp-dwingeloo-750x500.jpg 300w, https:\/\/hetbuitenlokaaldrenthe.nl\/wp-content\/uploads\/2025\/04\/dorp-dwingeloo-1600x1066.jpg 1024w, https:\/\/hetbuitenlokaaldrenthe.nl\/wp-content\/uploads\/2025\/04\/dorp-dwingeloo-768x512.jpg 768w, https:\/\/hetbuitenlokaaldrenthe.nl\/wp-content\/uploads\/2025\/04\/dorp-dwingeloo.jpg 1200w\" sizes=\"(max-width: 300px) 100vw, 300px\"><\/a><\/div><\/figure><figure class=\"gallery-item\"><div class=\"gallery-icon\"><a href=\"https:\/\/hetbuitenlokaaldrenthe.nl\/wp-content\/uploads\/2025\/04\/dwingelderveld.jpg\" data-fancybox=\"gallery\"><img src=\"https:\/\/hetbuitenlokaaldrenthe.nl\/wp-content\/uploads\/2025\/04\/dwingelderveld-750x500.jpg\" class=\"attachment-medium size-medium\" alt=\"\" decoding=\"async\" fetchpriority=\"high\" srcset=\"https:\/\/hetbuitenlokaaldrenthe.nl\/wp-content\/uploads\/2025\/04\/dwingelderveld-750x500.jpg 300w, https:\/\/hetbuitenlokaaldrenthe.nl\/wp-content\/uploads\/2025\/04\/dwingelderveld-1600x1066.jpg 1024w, https:\/\/hetbuitenlokaaldrenthe.nl\/wp-content\/uploads\/2025\/04\/dwingelderveld-768x512.jpg 768w, https:\/\/hetbuitenlokaaldrenthe.nl\/wp-content\/uploads\/2025\/04\/dwingelderveld.jpg 1200w\" sizes=\"(max-width: 300px) 100vw, 300px\"><\/a><\/div><\/figure><figure class=\"gallery-item\"><div class=\"gallery-icon\"><a href=\"https:\/\/hetbuitenlokaaldrenthe.nl\/wp-content\/uploads\/2025\/04\/natuur-2.jpg\" data-fancybox=\"gallery\"><img src=\"https:\/\/hetbuitenlokaaldrenthe.nl\/wp-content\/uploads\/2025\/04\/natuur-2-750x500.jpg\" class=\"attachment-medium size-medium\" alt=\"\" decoding=\"async\" fetchpriority=\"high\" srcset=\"https:\/\/hetbuitenlokaaldrenthe.nl\/wp-content\/uploads\/2025\/04\/natuur-2-750x500.jpg 300w, https:\/\/hetbuitenlokaaldrenthe.nl\/wp-content\/uploads\/2025\/04\/natuur-2-1600x1066.jpg 1024w, https:\/\/hetbuitenlokaaldrenthe.nl\/wp-content\/uploads\/2025\/04\/natuur-2-768x512.jpg 768w, https:\/\/hetbuitenlokaaldrenthe.nl\/wp-content\/uploads\/2025\/04\/natuur-2.jpg 1200w\" sizes=\"(max-width: 300px) 100vw, 300px\"><\/a><\/div><\/figure><\/div><\/section>\n\n\n<h1 class=\"wp-block-heading\">In der Umgebung<\/h1>\n\n\n\n<p>Het Buitenlokaal liegt im S\u00fcd-Westen von Drenthe,<\/p>\n\n\n\n<p>eine Region, in der man sich nicht langweilen soll. Genie\u00dfen Sie die Atmosph\u00e4re der authentischen D\u00f6rfer in Drenthe oder entdecken Sie die kulturellen Sch\u00e4tze der Natur. Genie\u00dfen Sie die Ruhe und Weite, entspannen Sie sich und relaxen Sie, oder unternehmen Sie ein aktives Abenteuer in der herausfordernden Natur rund um Het Buitenlokaal.<\/p>\n\n\n\n<h2 class=\"wp-block-heading\">Dwingeloo<\/h2>\n\n\n\n<p>Das authentische Dorf Dwingeloo bietet jede Menge an Unterhaltung. Het Buitenlokaal liegt etwas au\u00dferhalb des Touristendorfes Dwingeloo. Dwingeloo ist ein authentisches Dorf mit verschiedenen Restaurants, Terrassen und Gesch\u00e4ften. Es gibt auch einen Freibad und eine Eisdiele. Nehmen Sie Ihr Fahrrad und fahren Sie 2,5 Kilometer zwischen den Feldern ins Dorf, um auf der Terrasse einen Snack oder ein Getr\u00e4nk zu genie\u00dfen.<\/p>\n\n\n\n<h3 class=\"wp-block-heading\">Erleben Sie den Weltraum!<\/h3>\n\n\n\n<p>Dwingeloo und Astronomie waren schon immer untrennbar miteinander verbunden. 1956 wurde am Rande der Heide ein gro\u00dfes Radioteleskop errichtet, mit dem mehrere Entdeckungen des Himmels gemacht wurden. Das Radioteleskop ist heutzutage ein industrielles Nationaldenkmal und kann zu regelm\u00e4\u00dfigen Zeitpunkten besichtigt werden. Teilweise wegen seines ber\u00fchmten Radioteleskops verwendet Dwingeloo den Slogan Erleben Sie den Weltraum!<\/p>\n\n\n\n<h3 class=\"wp-block-heading\">Natur<\/h3>\n\n\n\n<p>Het Buitenlokaal ist von wundersch\u00f6ner Natur umgeben. Nicht umsonst nennen wir Drenthe die Urprovinz der Niederlande. Fernab vom Trubel k\u00f6nnen Sie hier eins mit der Natur sein. Het Buitenlokaal ist von wundersch\u00f6nen Naturschutzgebieten umgeben.<\/p>\n\n\n\n<p>Das <a href=\"https:\/\/www.drenthe.nl\/blogs\/dwingelderveld\" target=\"_blank\" rel=\"noreferrer noopener\">Nationaal Park Dwingelderveld<\/a> und die <a href=\"https:\/\/www.drenthe.nl\/blogs\/drents-friese-wold\" target=\"_blank\" rel=\"noreferrer noopener\">Nationaal Park Drents-Friese Wold<\/a> liegen beide nur 4 Kilometer von Het Buitenlokaal entfernt. Mit endlosen Rad- und Wanderwegen gibt es viel Raum, die Natur zu erleben.<\/p>\n\n\n\n<p>Schwimmen, sonnen oder spazieren Sie im wundersch\u00f6nen Naturschutzgebiet Leggelderveld, 4 km von Het Buitenlokaal entfernt. An hei\u00dfen Tagen k\u00f6nnen Sie sich mitten in der Natur im Badesee Het Blauwe Meer abk\u00fchlen.<\/p>\n\n\n\n<h3 class=\"wp-block-heading\">Outdoor-Sport<\/h3>\n\n\n\n<p>Von Het Buitenlokaal aus sportlich unterwegs. Sind Sie sportlich? Het Buitenlokaal ist ein fantastischer Urlaubsort f\u00fcr Liebhaber des Mountainbikens, Radfahrens, Laufens, Wanderns und Radfahrens. Es gibt verschiedene Mountainbike-Routen durch die W\u00e4lder, Radrouten durch die Felder und anspruchsvolle Laufstrecken. Erklimmen Sie den Col du Vam, wo 2023 die Rad-Europameisterschafte organisiert wurde.<\/p>\n\n\n\n<h3 class=\"wp-block-heading\">Kultur<\/h3>\n\n\n\n<p><strong>Ein kultureller Ausflug in der Umgebung<\/strong><strong><\/strong><\/p>\n\n\n\n<p>F\u00fcr Kulturliebhaber ist das Shakespearetheater in Diever empfehlenswert. Eine besondere Vorstellung mitten im Wald in der freien Luft. Au\u00dferhalb der Sommersaison finden im Indoor-Globe-Theater kleinere Auff\u00fchrungen statt.<\/p>\n\n\n\n<p>Besuchen Sie auch die Kolonien der Wohlt\u00e4tigkeit in Frederiksoord und Umgebung. Das Gebiet wurde k\u00fcrzlich in der Liste des UNESCO-Weltkulturerbes aufgenommen. Werfen Sie einen Blick auf De Proefkolonie und reisen Sie 200 Jahre in die Vergangenheit.<\/p>\n\n\n\n<p>Etwas weiter entfernt, in Veenhuizen, finden Sie das Gef\u00e4ngnismuseum. Weitere Museen, die wir empfehlen: das Drents Museum in Assen und das Stedelijk Museum Meppel. In Groningen k\u00f6nnen Sie zahlreiche kulturelle Unterhaltungsm\u00f6glichkeiten genie\u00dfen, unter anderem im Forum (mit Blick von oben auf die Stadt) und im Groningsmuseum.<\/p>\n\n\n\n<p><em>Wir selbst gehen auch gerne in unsere Gegend. Auf unseren <a href=\"https:\/\/www.instagram.com\/hetbuitenlokaaldrenthe\/\" target=\"_blank\" rel=\"noreferrer noopener\">Socials<\/a> teilen wir unsere Erfahrungen und geben tolle Tipps.<\/em><\/p>\n\n\n\n<p><em><a href=\"https:\/\/www.drenthe.nl\/ontdek-oerdrenthe\" target=\"_blank\" rel=\"noreferrer noopener\">Entdecken Sie Oerdrenthe <\/a><\/em><\/p>\n\n\n\n<figure class=\"wp-block-image size-full is-resized\"><a href=\"https:\/\/www.drenthe.nl\/ontdek-oerdrenthe\" target=\"_blank\" rel=\" noreferrer noopener\"><img loading=\"lazy\" decoding=\"async\" width=\"536\" height=\"154\" src=\"https:\/\/hetbuitenlokaaldrenthe.nl\/wp-content\/uploads\/2025\/04\/website-project-manager-marketing-drenthe.png\" alt=\"\" class=\"wp-image-1889\" style=\"width:244px;height:auto\"\/><\/a><\/figure>\n\n\n<style type=\"text\/css\">\n    .omgeving-height {\n        height: 70vh;\n    }\n    @media (max-width: 767px) {\n        .omgeving-height {\n            height: ;\n        }\n    }\n<\/style><section class=\"omgeving omgeving-full-width\">\n        <div class=\"omgeving-inner omgeving-height\" style=\"background-image: url(https:\/\/hetbuitenlokaaldrenthe.nl\/wp-content\/uploads\/2025\/04\/natuur-4-1600x1066.jpg);\"><\/div><\/section>","protected":false},"excerpt":{"rendered":"<p>In der Umgebung Het Buitenlokaal liegt im S\u00fcd-Westen von Drenthe, eine Region, in der man sich nicht langweilen soll. Genie\u00dfen Sie die Atmosph\u00e4re der authentischen D\u00f6rfer in Drenthe oder entdecken Sie die kulturellen Sch\u00e4tze der Natur. Genie\u00dfen Sie die Ruhe und Weite, entspannen Sie sich und relaxen Sie, oder unternehmen Sie ein aktives Abenteuer in [&hellip;]<\/p>\n","protected":false},"author":1,"featured_media":1960,"parent":0,"menu_order":0,"comment_status":"closed","ping_status":"closed","template":"","meta":{"footnotes":""},"class_list":["post-2197","page","type-page","status-publish","has-post-thumbnail","hentry"],"acf":[],"yoast_head":"<!-- This site is optimized with the Yoast SEO plugin v24.9 - https:\/\/yoast.com\/wordpress\/plugins\/seo\/ -->\n<title>In der Umgebung | Het Buitenlokaal<\/title>\n<meta name=\"robots\" content=\"index, follow, max-snippet:-1, max-image-preview:large, max-video-preview:-1\" \/>\n<link rel=\"canonical\" href=\"https:\/\/hetbuitenlokaaldrenthe.nl\/de\/umgebung\/\" \/>\n<meta property=\"og:locale\" content=\"de_DE\" \/>\n<meta property=\"og:type\" content=\"article\" \/>\n<meta property=\"og:title\" content=\"In der Umgebung | Het Buitenlokaal\" \/>\n<meta property=\"og:description\" content=\"In der Umgebung Het Buitenlokaal liegt im S\u00fcd-Westen von Drenthe, eine Region, in der man sich nicht langweilen soll. Genie\u00dfen Sie die Atmosph\u00e4re der authentischen D\u00f6rfer in Drenthe oder entdecken Sie die kulturellen Sch\u00e4tze der Natur. Genie\u00dfen Sie die Ruhe und Weite, entspannen Sie sich und relaxen Sie, oder unternehmen Sie ein aktives Abenteuer in [&hellip;]\" \/>\n<meta property=\"og:url\" content=\"https:\/\/hetbuitenlokaaldrenthe.nl\/de\/umgebung\/\" \/>\n<meta property=\"og:site_name\" content=\"Het Buitenlokaal\" \/>\n<meta property=\"article:modified_time\" content=\"2025-04-30T09:04:23+00:00\" \/>\n<meta property=\"og:image\" content=\"http:\/\/hetbuitenlokaaldrenthe.nl\/wp-content\/uploads\/2025\/04\/natuur-3.jpg\" \/>\n\t<meta property=\"og:image:width\" content=\"2000\" \/>\n\t<meta property=\"og:image:height\" content=\"1333\" \/>\n\t<meta property=\"og:image:type\" content=\"image\/jpeg\" \/>\n<meta name=\"twitter:card\" content=\"summary_large_image\" \/>\n<meta name=\"twitter:label1\" content=\"Gesch\u00e4tzte Lesezeit\" \/>\n\t<meta name=\"twitter:data1\" content=\"3\u00a0Minuten\" \/>\n<script type=\"application\/ld+json\" class=\"yoast-schema-graph\">{\"@context\":\"https:\/\/schema.org\",\"@graph\":[{\"@type\":\"WebPage\",\"@id\":\"https:\/\/hetbuitenlokaaldrenthe.nl\/de\/umgebung\/\",\"url\":\"https:\/\/hetbuitenlokaaldrenthe.nl\/de\/umgebung\/\",\"name\":\"In der Umgebung | Het Buitenlokaal\",\"isPartOf\":{\"@id\":\"https:\/\/hetbuitenlokaaldrenthe.nl\/#website\"},\"primaryImageOfPage\":{\"@id\":\"https:\/\/hetbuitenlokaaldrenthe.nl\/de\/umgebung\/#primaryimage\"},\"image\":{\"@id\":\"https:\/\/hetbuitenlokaaldrenthe.nl\/de\/umgebung\/#primaryimage\"},\"thumbnailUrl\":\"https:\/\/hetbuitenlokaaldrenthe.nl\/wp-content\/uploads\/2025\/04\/natuur-3.jpg\",\"datePublished\":\"2025-04-23T13:33:18+00:00\",\"dateModified\":\"2025-04-30T09:04:23+00:00\",\"breadcrumb\":{\"@id\":\"https:\/\/hetbuitenlokaaldrenthe.nl\/de\/umgebung\/#breadcrumb\"},\"inLanguage\":\"de\",\"potentialAction\":[{\"@type\":\"ReadAction\",\"target\":[\"https:\/\/hetbuitenlokaaldrenthe.nl\/de\/umgebung\/\"]}]},{\"@type\":\"ImageObject\",\"inLanguage\":\"de\",\"@id\":\"https:\/\/hetbuitenlokaaldrenthe.nl\/de\/umgebung\/#primaryimage\",\"url\":\"https:\/\/hetbuitenlokaaldrenthe.nl\/wp-content\/uploads\/2025\/04\/natuur-3.jpg\",\"contentUrl\":\"https:\/\/hetbuitenlokaaldrenthe.nl\/wp-content\/uploads\/2025\/04\/natuur-3.jpg\",\"width\":2000,\"height\":1333},{\"@type\":\"BreadcrumbList\",\"@id\":\"https:\/\/hetbuitenlokaaldrenthe.nl\/de\/umgebung\/#breadcrumb\",\"itemListElement\":[{\"@type\":\"ListItem\",\"position\":1,\"name\":\"Home\",\"item\":\"https:\/\/hetbuitenlokaaldrenthe.nl\/de\/\"},{\"@type\":\"ListItem\",\"position\":2,\"name\":\"Umgebung\"}]},{\"@type\":\"WebSite\",\"@id\":\"https:\/\/hetbuitenlokaaldrenthe.nl\/#website\",\"url\":\"https:\/\/hetbuitenlokaaldrenthe.nl\/\",\"name\":\"Het Buitenlokaal\",\"description\":\"Meesterlijk overnachten\",\"publisher\":{\"@id\":\"https:\/\/hetbuitenlokaaldrenthe.nl\/#organization\"},\"alternateName\":\"Het Buitenlokaal Drenthe\",\"potentialAction\":[{\"@type\":\"SearchAction\",\"target\":{\"@type\":\"EntryPoint\",\"urlTemplate\":\"https:\/\/hetbuitenlokaaldrenthe.nl\/?s={search_term_string}\"},\"query-input\":{\"@type\":\"PropertyValueSpecification\",\"valueRequired\":true,\"valueName\":\"search_term_string\"}}],\"inLanguage\":\"de\"},{\"@type\":\"Organization\",\"@id\":\"https:\/\/hetbuitenlokaaldrenthe.nl\/#organization\",\"name\":\"Het Buitenlokaal\",\"alternateName\":\"Het Buitenlokaal Drenthe\",\"url\":\"https:\/\/hetbuitenlokaaldrenthe.nl\/\",\"logo\":{\"@type\":\"ImageObject\",\"inLanguage\":\"de\",\"@id\":\"https:\/\/hetbuitenlokaaldrenthe.nl\/#\/schema\/logo\/image\/\",\"url\":\"https:\/\/hetbuitenlokaaldrenthe.nl\/wp-content\/uploads\/2024\/05\/cropped-Het-Buitenlokaal-N-Beeldmerk.png\",\"contentUrl\":\"https:\/\/hetbuitenlokaaldrenthe.nl\/wp-content\/uploads\/2024\/05\/cropped-Het-Buitenlokaal-N-Beeldmerk.png\",\"width\":512,\"height\":512,\"caption\":\"Het Buitenlokaal\"},\"image\":{\"@id\":\"https:\/\/hetbuitenlokaaldrenthe.nl\/#\/schema\/logo\/image\/\"},\"sameAs\":[\"https:\/\/www.instagram.com\/hetbuitenlokaaldrenthe\/\"]}]}<\/script>\n<!-- \/ Yoast SEO plugin. -->","yoast_head_json":{"title":"In der Umgebung | Het Buitenlokaal","robots":{"index":"index","follow":"follow","max-snippet":"max-snippet:-1","max-image-preview":"max-image-preview:large","max-video-preview":"max-video-preview:-1"},"canonical":"https:\/\/hetbuitenlokaaldrenthe.nl\/de\/umgebung\/","og_locale":"de_DE","og_type":"article","og_title":"In der Umgebung | Het Buitenlokaal","og_description":"In der Umgebung Het Buitenlokaal liegt im S\u00fcd-Westen von Drenthe, eine Region, in der man sich nicht langweilen soll. Genie\u00dfen Sie die Atmosph\u00e4re der authentischen D\u00f6rfer in Drenthe oder entdecken Sie die kulturellen Sch\u00e4tze der Natur. Genie\u00dfen Sie die Ruhe und Weite, entspannen Sie sich und relaxen Sie, oder unternehmen Sie ein aktives Abenteuer in [&hellip;]","og_url":"https:\/\/hetbuitenlokaaldrenthe.nl\/de\/umgebung\/","og_site_name":"Het Buitenlokaal","article_modified_time":"2025-04-30T09:04:23+00:00","og_image":[{"width":2000,"height":1333,"url":"http:\/\/hetbuitenlokaaldrenthe.nl\/wp-content\/uploads\/2025\/04\/natuur-3.jpg","type":"image\/jpeg"}],"twitter_card":"summary_large_image","twitter_misc":{"Gesch\u00e4tzte Lesezeit":"3\u00a0Minuten"},"schema":{"@context":"https:\/\/schema.org","@graph":[{"@type":"WebPage","@id":"https:\/\/hetbuitenlokaaldrenthe.nl\/de\/umgebung\/","url":"https:\/\/hetbuitenlokaaldrenthe.nl\/de\/umgebung\/","name":"In der Umgebung | Het Buitenlokaal","isPartOf":{"@id":"https:\/\/hetbuitenlokaaldrenthe.nl\/#website"},"primaryImageOfPage":{"@id":"https:\/\/hetbuitenlokaaldrenthe.nl\/de\/umgebung\/#primaryimage"},"image":{"@id":"https:\/\/hetbuitenlokaaldrenthe.nl\/de\/umgebung\/#primaryimage"},"thumbnailUrl":"https:\/\/hetbuitenlokaaldrenthe.nl\/wp-content\/uploads\/2025\/04\/natuur-3.jpg","datePublished":"2025-04-23T13:33:18+00:00","dateModified":"2025-04-30T09:04:23+00:00","breadcrumb":{"@id":"https:\/\/hetbuitenlokaaldrenthe.nl\/de\/umgebung\/#breadcrumb"},"inLanguage":"de","potentialAction":[{"@type":"ReadAction","target":["https:\/\/hetbuitenlokaaldrenthe.nl\/de\/umgebung\/"]}]},{"@type":"ImageObject","inLanguage":"de","@id":"https:\/\/hetbuitenlokaaldrenthe.nl\/de\/umgebung\/#primaryimage","url":"https:\/\/hetbuitenlokaaldrenthe.nl\/wp-content\/uploads\/2025\/04\/natuur-3.jpg","contentUrl":"https:\/\/hetbuitenlokaaldrenthe.nl\/wp-content\/uploads\/2025\/04\/natuur-3.jpg","width":2000,"height":1333},{"@type":"BreadcrumbList","@id":"https:\/\/hetbuitenlokaaldrenthe.nl\/de\/umgebung\/#breadcrumb","itemListElement":[{"@type":"ListItem","position":1,"name":"Home","item":"https:\/\/hetbuitenlokaaldrenthe.nl\/de\/"},{"@type":"ListItem","position":2,"name":"Umgebung"}]},{"@type":"WebSite","@id":"https:\/\/hetbuitenlokaaldrenthe.nl\/#website","url":"https:\/\/hetbuitenlokaaldrenthe.nl\/","name":"Het Buitenlokaal","description":"Meesterlijk overnachten","publisher":{"@id":"https:\/\/hetbuitenlokaaldrenthe.nl\/#organization"},"alternateName":"Het Buitenlokaal Drenthe","potentialAction":[{"@type":"SearchAction","target":{"@type":"EntryPoint","urlTemplate":"https:\/\/hetbuitenlokaaldrenthe.nl\/?s={search_term_string}"},"query-input":{"@type":"PropertyValueSpecification","valueRequired":true,"valueName":"search_term_string"}}],"inLanguage":"de"},{"@type":"Organization","@id":"https:\/\/hetbuitenlokaaldrenthe.nl\/#organization","name":"Het Buitenlokaal","alternateName":"Het Buitenlokaal Drenthe","url":"https:\/\/hetbuitenlokaaldrenthe.nl\/","logo":{"@type":"ImageObject","inLanguage":"de","@id":"https:\/\/hetbuitenlokaaldrenthe.nl\/#\/schema\/logo\/image\/","url":"https:\/\/hetbuitenlokaaldrenthe.nl\/wp-content\/uploads\/2024\/05\/cropped-Het-Buitenlokaal-N-Beeldmerk.png","contentUrl":"https:\/\/hetbuitenlokaaldrenthe.nl\/wp-content\/uploads\/2024\/05\/cropped-Het-Buitenlokaal-N-Beeldmerk.png","width":512,"height":512,"caption":"Het Buitenlokaal"},"image":{"@id":"https:\/\/hetbuitenlokaaldrenthe.nl\/#\/schema\/logo\/image\/"},"sameAs":["https:\/\/www.instagram.com\/hetbuitenlokaaldrenthe\/"]}]}},"_links":{"self":[{"href":"https:\/\/hetbuitenlokaaldrenthe.nl\/de\/wp-json\/wp\/v2\/pages\/2197","targetHints":{"allow":["GET"]}}],"collection":[{"href":"https:\/\/hetbuitenlokaaldrenthe.nl\/de\/wp-json\/wp\/v2\/pages"}],"about":[{"href":"https:\/\/hetbuitenlokaaldrenthe.nl\/de\/wp-json\/wp\/v2\/types\/page"}],"author":[{"embeddable":true,"href":"https:\/\/hetbuitenlokaaldrenthe.nl\/de\/wp-json\/wp\/v2\/users\/1"}],"replies":[{"embeddable":true,"href":"https:\/\/hetbuitenlokaaldrenthe.nl\/de\/wp-json\/wp\/v2\/comments?post=2197"}],"version-history":[{"count":2,"href":"https:\/\/hetbuitenlokaaldrenthe.nl\/de\/wp-json\/wp\/v2\/pages\/2197\/revisions"}],"predecessor-version":[{"id":2199,"href":"https:\/\/hetbuitenlokaaldrenthe.nl\/de\/wp-json\/wp\/v2\/pages\/2197\/revisions\/2199"}],"wp:featuredmedia":[{"embeddable":true,"href":"https:\/\/hetbuitenlokaaldrenthe.nl\/de\/wp-json\/wp\/v2\/media\/1960"}],"wp:attachment":[{"href":"https:\/\/hetbuitenlokaaldrenthe.nl\/de\/wp-json\/wp\/v2\/media?parent=2197"}],"curies":[{"name":"wp","href":"https:\/\/api.w.org\/{rel}","templated":true}]}}