{"id":2200,"date":"2025-04-23T14:01:11","date_gmt":"2025-04-23T14:01:11","guid":{"rendered":"https:\/\/hetbuitenlokaaldrenthe.nl\/?page_id=2200"},"modified":"2025-04-30T09:09:17","modified_gmt":"2025-04-30T09:09:17","slug":"ueber-uns","status":"publish","type":"page","link":"https:\/\/hetbuitenlokaaldrenthe.nl\/de\/ueber-uns\/","title":{"rendered":"\u00dcber uns"},"content":{"rendered":"<style type=\"text\/css\">\n    .header-heights {\n        height: 65vh;\n    }\n    .header-heights.home {\n        height: 70vh;\n    }\n    @media (max-width: 767px) {\n        .header-heights {\n            height: ;\n        }\n        .header-heights.home {\n            height: ;\n        }\n    }\n<\/style><section class=\"header-img\">\n        <div class=\"img-inner header-heights\" style=\"background-image: url(https:\/\/hetbuitenlokaaldrenthe.nl\/wp-content\/uploads\/2025\/04\/natuur-3-1600x1066.jpg);\"><div class=\"header_txt\">\n                <h3>MEISTERHAFTE<\/h3>\n                <h2>\u00dcBERNACHTUNG<\/h2><\/div><div class=\"container zb-container\"><\/div><\/div><\/section>\n\n\n<h1 class=\"wp-block-heading\">\u00dcber uns<\/h1>\n\n\n<div class=\"wp-block-image\">\n<figure class=\"alignright size-large is-resized\"><img loading=\"lazy\" decoding=\"async\" width=\"1600\" height=\"1067\" src=\"http:\/\/hetbuitenlokaaldrenthe.nl\/wp-content\/uploads\/2025\/04\/over-ons-1600x1067.jpg\" alt=\"\" class=\"wp-image-1872\" style=\"width:480px;height:auto\" srcset=\"https:\/\/hetbuitenlokaaldrenthe.nl\/wp-content\/uploads\/2025\/04\/over-ons-1600x1067.jpg 1600w, https:\/\/hetbuitenlokaaldrenthe.nl\/wp-content\/uploads\/2025\/04\/over-ons-750x500.jpg 750w, https:\/\/hetbuitenlokaaldrenthe.nl\/wp-content\/uploads\/2025\/04\/over-ons-768x512.jpg 768w, https:\/\/hetbuitenlokaaldrenthe.nl\/wp-content\/uploads\/2025\/04\/over-ons-1536x1025.jpg 1536w, https:\/\/hetbuitenlokaaldrenthe.nl\/wp-content\/uploads\/2025\/04\/over-ons.jpg 2000w\" sizes=\"auto, (max-width: 1600px) 100vw, 1600px\" \/><\/figure>\n<\/div>\n\n\n<p>Wir sind Klarien van der Meulen und Johan van Gerven. Zusammen mit unseren S\u00f6hnen Sam und Guus leben und arbeiten wir seit 2018 in diesem wundersch\u00f6nen ehemaligen Schulgeb\u00e4ude auf dem Lande in Drenthe. Wir lieben es, in einer gr\u00fcnen Umgebung und in diesem Haus, das wir komplett renoviert haben, zu leben. Da das gesamte Schulgeb\u00e4ude f\u00fcr unsere Familie viel zu gro\u00df ist, teilen wir gerne diesen sch\u00f6nen Ort gerne mit anderen. Wir hei\u00dfen Sie herzlich willkommen, die Landschaft von Drenthe, die Natur und die Kultur, mit der wir uns umgeben, mitzugenie\u00dfen.<\/p>\n\n\n\n<h2 class=\"wp-block-heading\">Wohnen und arbeiten in der Schule<\/h2>\n\n\n\n<p>Wir waren schon l\u00e4nger auf der Suche nach einem besonderen Geb\u00e4ude, das wir ganz nach unserem Geschmack einrichten konnten. Wir m\u00f6gen Herausforderungen. Eine Kirche, eine Schule oder eine Fabrik&#8230; Eine H\u00fclle mit Charakter, aber in einer H\u00fclle, der wir unsere eigene Interpretation geben k\u00f6nnen. Wir sahen diese alte Schule in Eemster. Die Tafeln hingen noch an der Wand, das Marmoleum lag noch auf dem Boden. An diesem wundersch\u00f6nen Ort in der Natur sahen wir M\u00f6glichkeiten zur Verwirklichung unseres Wohn- und Arbeitsraums.<\/p>\n\n\n\n<h3 class=\"wp-block-heading\">Nachhaltige Sanierung<\/h3>\n\n\n\n<p>Voller Begeisterung haben wir die Schule in eine Wohunung und ein B\u00fcro umgebaut. Johan k\u00fcmmerte sich um das Layout und die nachhaltige Umsetzung. Klarien konzentrierte sich auf Einrichtungsgegenst\u00e4nde, bei denen Minimalismus und Nachhaltigkeit eine gro\u00dfe Rolle spielen. Es war eine besondere Zeit, die Kinder fuhren mit dem Fahrrad durch die Klassenzimmer oder gingen mit Freunden Rollschuhlaufen durch die Schule<\/p>\n\n\n\n<h3 class=\"wp-block-heading\">Gro\u00dfer Lebraum<\/h3>\n\n\n\n<p>Das Geb\u00e4ude ist gro\u00df und daher war die Renovierung eine gro\u00dfe Aufgabe. Ein gro\u00dfer Vorteil ist aber der fantastische Wohnraum, den wir jetzt haben. Ein Raum wurde in eine K\u00fcche umgewandelt, der andere in ein Wohnzimmer und der dritte Raum wurde in ein Schlafzimmer mit Bad umgebaut. Im obersten Stockwerk haben wir zwei Schlafzimmer f\u00fcr die Jungs eingerichtet. In einem Raum auf der R\u00fcckseite haben wir einen B\u00fcroraum und ein G\u00e4stezimmer geschaffen. Es gibt gen\u00fcgend Platz, jeder kann bei uns mitmachen oder \u00fcbernachten. Wir haben einen sch\u00f6nen Ort geschaffen, an dem jeder zusammen sein und sein eigenes Ding machen kann.<\/p>\n\n\n\n<h3 class=\"wp-block-heading\">Het Buitenlokaal<\/h3>\n\n\n\n<p>Als unser Wohnbereich fertig war, bauten wir drei Wohnungen im ehemaligen Lehrerzimmer, im Zimmer des Schuldirektors und in der Sporthalle. Auf diese Weise k\u00f6nnen wir diesen wundersch\u00f6nen Ort mitten im Gr\u00fcnen mit anderen teilen. \u201eHet Buitenlokaal\u201c wurde der Name unserer Ferienunterkunfte und bezieht sich auf die Schule und den wunderbaren Ort, an dem man drau\u00dfen verbleiben kann. Wir sehen die \u00dcberraschung von vielnr G\u00e4sten dar\u00fcber, dass sich eine Schule an einem so sch\u00f6nen Ort mitten in der Natur befindet. Das stimmt, hier k\u00f6nnen Sie meisterhaft im Gr\u00fcnen \u00fabernachten.<\/p>\n\n\n\n<h3 class=\"wp-block-heading\">Grundschule De Eemster<\/h3>\n\n\n\n<p>Das Schulgeb\u00e4ude, in dem sich Het Buitenlokaal befindet, ist ein Denkmal der Gemeinde. Die Schule wurde im Jahre 1964 erbaut. 1974 wurde das Geb\u00e4ude an der Nordseite erweitert. Es handelt sich um eine sogenannte \u201eKorridorschule\u201c, bei der alle Klassenr\u00e4ume entlang eines langen Korridors aufgereiht sind. Im Erdgeschoss befanden sich ein Lehrerzimmer, ein Direktorenzimmer, vier Klassenzimmer, eine Sporthalle und mehrere Toilettengruppen. Als es nur noch zwanzig Sch\u00fcler gab, musste die Grundschule De Eemster nach dem Schuljahr 2014-2015 leider ihre T\u00fcren schlie\u00dfen.<\/p>\n\n\n\n<h3 class=\"wp-block-heading\">Sehen Sie sich den Film a die im Namen der Gemeinde Westerveld im Jahre 2016 erstellt wurde:<\/h3>\n\n\n\n<iframe loading=\"lazy\" width=\"800\" height=\"400\" src=\"https:\/\/www.youtube.com\/embed\/2v_Cy6hjhe4?si=h9HZjzR2hxkyemFu\" title=\"YouTube video player\" frameborder=\"0\" allow=\"accelerometer; autoplay; clipboard-write; encrypted-media; gyroscope; picture-in-picture; web-share\" referrerpolicy=\"strict-origin-when-cross-origin\" allowfullscreen><\/iframe>\n\n\n<style type='text\/css'>\n        #tz-spacer-69e4a00f4e9d5 {\n            \n        }\n    <\/style><div id='tz-spacer-69e4a00f4e9d5' class='tz-spacer'><\/div>\n\n<style type=\"text\/css\">\n    .omgeving-height {\n        height: 70vh;\n    }\n    @media (max-width: 767px) {\n        .omgeving-height {\n            height: ;\n        }\n    }\n<\/style><section class=\"omgeving omgeving-full-width\">\n        <div class=\"omgeving-inner omgeving-height\" style=\"background-image: url(https:\/\/hetbuitenlokaaldrenthe.nl\/wp-content\/uploads\/2025\/04\/buitenkant-school-2-1600x1066.jpg);\"><div class=\"omgeving-text\">\n                <div class=\"text\"><h3>Verbringen Sie Ihren Urlaub in einer alten Schule<\/h3>\n<p>Buchen Sie Ihren Urlaub in einer alten Schule in der N\u00e4he von Dwingeloo und lassen Sie sich von der Sch\u00f6nheit Drenthes \u00fcberraschen.<\/p>\n<\/div><\/div><\/div><\/section>","protected":false},"excerpt":{"rendered":"<p>\u00dcber uns Wir sind Klarien van der Meulen und Johan van Gerven. Zusammen mit unseren S\u00f6hnen Sam und Guus leben und arbeiten wir seit 2018 in diesem wundersch\u00f6nen ehemaligen Schulgeb\u00e4ude auf dem Lande in Drenthe. Wir lieben es, in einer gr\u00fcnen Umgebung und in diesem Haus, das wir komplett renoviert haben, zu leben. Da das [&hellip;]<\/p>\n","protected":false},"author":1,"featured_media":2185,"parent":0,"menu_order":0,"comment_status":"closed","ping_status":"closed","template":"","meta":{"footnotes":""},"class_list":["post-2200","page","type-page","status-publish","has-post-thumbnail","hentry"],"acf":[],"yoast_head":"<!-- This site is optimized with the Yoast SEO plugin v24.9 - https:\/\/yoast.com\/wordpress\/plugins\/seo\/ -->\n<title>\u00dcber uns | Het Buitenlokaal<\/title>\n<meta name=\"description\" content=\"Wohnungen in Drenthe? Entdecken Sie das Outdoor-Klassenzimmer! \u2705 bis zu 16 Schlafpl\u00e4tze \u2705 Verschiedene Nationalparks \u2705 In der N\u00e4he des Randdorfes Dwingeloo\" \/>\n<meta name=\"robots\" content=\"index, follow, max-snippet:-1, max-image-preview:large, max-video-preview:-1\" \/>\n<link rel=\"canonical\" href=\"https:\/\/hetbuitenlokaaldrenthe.nl\/de\/ueber-uns\/\" \/>\n<meta property=\"og:locale\" content=\"de_DE\" \/>\n<meta property=\"og:type\" content=\"article\" \/>\n<meta property=\"og:title\" content=\"\u00dcber uns | Het Buitenlokaal\" \/>\n<meta property=\"og:description\" content=\"Wohnungen in Drenthe? Entdecken Sie das Outdoor-Klassenzimmer! \u2705 bis zu 16 Schlafpl\u00e4tze \u2705 Verschiedene Nationalparks \u2705 In der N\u00e4he des Randdorfes Dwingeloo\" \/>\n<meta property=\"og:url\" content=\"https:\/\/hetbuitenlokaaldrenthe.nl\/de\/ueber-uns\/\" \/>\n<meta property=\"og:site_name\" content=\"Het Buitenlokaal\" \/>\n<meta property=\"article:modified_time\" content=\"2025-04-30T09:09:17+00:00\" \/>\n<meta property=\"og:image\" content=\"http:\/\/hetbuitenlokaaldrenthe.nl\/wp-content\/uploads\/2025\/04\/over-ons.jpg\" \/>\n\t<meta property=\"og:image:width\" content=\"2000\" \/>\n\t<meta property=\"og:image:height\" content=\"1334\" \/>\n\t<meta property=\"og:image:type\" content=\"image\/jpeg\" \/>\n<meta name=\"twitter:card\" content=\"summary_large_image\" \/>\n<meta name=\"twitter:label1\" content=\"Gesch\u00e4tzte Lesezeit\" \/>\n\t<meta name=\"twitter:data1\" content=\"4\u00a0Minuten\" \/>\n<script type=\"application\/ld+json\" class=\"yoast-schema-graph\">{\"@context\":\"https:\/\/schema.org\",\"@graph\":[{\"@type\":\"WebPage\",\"@id\":\"https:\/\/hetbuitenlokaaldrenthe.nl\/de\/ueber-uns\/\",\"url\":\"https:\/\/hetbuitenlokaaldrenthe.nl\/de\/ueber-uns\/\",\"name\":\"\u00dcber uns | Het Buitenlokaal\",\"isPartOf\":{\"@id\":\"https:\/\/hetbuitenlokaaldrenthe.nl\/#website\"},\"primaryImageOfPage\":{\"@id\":\"https:\/\/hetbuitenlokaaldrenthe.nl\/de\/ueber-uns\/#primaryimage\"},\"image\":{\"@id\":\"https:\/\/hetbuitenlokaaldrenthe.nl\/de\/ueber-uns\/#primaryimage\"},\"thumbnailUrl\":\"https:\/\/hetbuitenlokaaldrenthe.nl\/wp-content\/uploads\/2025\/04\/over-ons.jpg\",\"datePublished\":\"2025-04-23T14:01:11+00:00\",\"dateModified\":\"2025-04-30T09:09:17+00:00\",\"description\":\"Wohnungen in Drenthe? Entdecken Sie das Outdoor-Klassenzimmer! \u2705 bis zu 16 Schlafpl\u00e4tze \u2705 Verschiedene Nationalparks \u2705 In der N\u00e4he des Randdorfes Dwingeloo\",\"breadcrumb\":{\"@id\":\"https:\/\/hetbuitenlokaaldrenthe.nl\/de\/ueber-uns\/#breadcrumb\"},\"inLanguage\":\"de\",\"potentialAction\":[{\"@type\":\"ReadAction\",\"target\":[\"https:\/\/hetbuitenlokaaldrenthe.nl\/de\/ueber-uns\/\"]}]},{\"@type\":\"ImageObject\",\"inLanguage\":\"de\",\"@id\":\"https:\/\/hetbuitenlokaaldrenthe.nl\/de\/ueber-uns\/#primaryimage\",\"url\":\"https:\/\/hetbuitenlokaaldrenthe.nl\/wp-content\/uploads\/2025\/04\/over-ons.jpg\",\"contentUrl\":\"https:\/\/hetbuitenlokaaldrenthe.nl\/wp-content\/uploads\/2025\/04\/over-ons.jpg\",\"width\":2000,\"height\":1334,\"caption\":\"Appartement 1: Johan &amp;Klarien\"},{\"@type\":\"BreadcrumbList\",\"@id\":\"https:\/\/hetbuitenlokaaldrenthe.nl\/de\/ueber-uns\/#breadcrumb\",\"itemListElement\":[{\"@type\":\"ListItem\",\"position\":1,\"name\":\"Home\",\"item\":\"https:\/\/hetbuitenlokaaldrenthe.nl\/de\/\"},{\"@type\":\"ListItem\",\"position\":2,\"name\":\"\u00dcber uns\"}]},{\"@type\":\"WebSite\",\"@id\":\"https:\/\/hetbuitenlokaaldrenthe.nl\/#website\",\"url\":\"https:\/\/hetbuitenlokaaldrenthe.nl\/\",\"name\":\"Het Buitenlokaal\",\"description\":\"Meesterlijk overnachten\",\"publisher\":{\"@id\":\"https:\/\/hetbuitenlokaaldrenthe.nl\/#organization\"},\"alternateName\":\"Het Buitenlokaal Drenthe\",\"potentialAction\":[{\"@type\":\"SearchAction\",\"target\":{\"@type\":\"EntryPoint\",\"urlTemplate\":\"https:\/\/hetbuitenlokaaldrenthe.nl\/?s={search_term_string}\"},\"query-input\":{\"@type\":\"PropertyValueSpecification\",\"valueRequired\":true,\"valueName\":\"search_term_string\"}}],\"inLanguage\":\"de\"},{\"@type\":\"Organization\",\"@id\":\"https:\/\/hetbuitenlokaaldrenthe.nl\/#organization\",\"name\":\"Het Buitenlokaal\",\"alternateName\":\"Het Buitenlokaal Drenthe\",\"url\":\"https:\/\/hetbuitenlokaaldrenthe.nl\/\",\"logo\":{\"@type\":\"ImageObject\",\"inLanguage\":\"de\",\"@id\":\"https:\/\/hetbuitenlokaaldrenthe.nl\/#\/schema\/logo\/image\/\",\"url\":\"https:\/\/hetbuitenlokaaldrenthe.nl\/wp-content\/uploads\/2024\/05\/cropped-Het-Buitenlokaal-N-Beeldmerk.png\",\"contentUrl\":\"https:\/\/hetbuitenlokaaldrenthe.nl\/wp-content\/uploads\/2024\/05\/cropped-Het-Buitenlokaal-N-Beeldmerk.png\",\"width\":512,\"height\":512,\"caption\":\"Het Buitenlokaal\"},\"image\":{\"@id\":\"https:\/\/hetbuitenlokaaldrenthe.nl\/#\/schema\/logo\/image\/\"},\"sameAs\":[\"https:\/\/www.instagram.com\/hetbuitenlokaaldrenthe\/\"]}]}<\/script>\n<!-- \/ Yoast SEO plugin. -->","yoast_head_json":{"title":"\u00dcber uns | Het Buitenlokaal","description":"Wohnungen in Drenthe? Entdecken Sie das Outdoor-Klassenzimmer! \u2705 bis zu 16 Schlafpl\u00e4tze \u2705 Verschiedene Nationalparks \u2705 In der N\u00e4he des Randdorfes Dwingeloo","robots":{"index":"index","follow":"follow","max-snippet":"max-snippet:-1","max-image-preview":"max-image-preview:large","max-video-preview":"max-video-preview:-1"},"canonical":"https:\/\/hetbuitenlokaaldrenthe.nl\/de\/ueber-uns\/","og_locale":"de_DE","og_type":"article","og_title":"\u00dcber uns | Het Buitenlokaal","og_description":"Wohnungen in Drenthe? Entdecken Sie das Outdoor-Klassenzimmer! \u2705 bis zu 16 Schlafpl\u00e4tze \u2705 Verschiedene Nationalparks \u2705 In der N\u00e4he des Randdorfes Dwingeloo","og_url":"https:\/\/hetbuitenlokaaldrenthe.nl\/de\/ueber-uns\/","og_site_name":"Het Buitenlokaal","article_modified_time":"2025-04-30T09:09:17+00:00","og_image":[{"width":2000,"height":1334,"url":"http:\/\/hetbuitenlokaaldrenthe.nl\/wp-content\/uploads\/2025\/04\/over-ons.jpg","type":"image\/jpeg"}],"twitter_card":"summary_large_image","twitter_misc":{"Gesch\u00e4tzte Lesezeit":"4\u00a0Minuten"},"schema":{"@context":"https:\/\/schema.org","@graph":[{"@type":"WebPage","@id":"https:\/\/hetbuitenlokaaldrenthe.nl\/de\/ueber-uns\/","url":"https:\/\/hetbuitenlokaaldrenthe.nl\/de\/ueber-uns\/","name":"\u00dcber uns | Het Buitenlokaal","isPartOf":{"@id":"https:\/\/hetbuitenlokaaldrenthe.nl\/#website"},"primaryImageOfPage":{"@id":"https:\/\/hetbuitenlokaaldrenthe.nl\/de\/ueber-uns\/#primaryimage"},"image":{"@id":"https:\/\/hetbuitenlokaaldrenthe.nl\/de\/ueber-uns\/#primaryimage"},"thumbnailUrl":"https:\/\/hetbuitenlokaaldrenthe.nl\/wp-content\/uploads\/2025\/04\/over-ons.jpg","datePublished":"2025-04-23T14:01:11+00:00","dateModified":"2025-04-30T09:09:17+00:00","description":"Wohnungen in Drenthe? Entdecken Sie das Outdoor-Klassenzimmer! \u2705 bis zu 16 Schlafpl\u00e4tze \u2705 Verschiedene Nationalparks \u2705 In der N\u00e4he des Randdorfes Dwingeloo","breadcrumb":{"@id":"https:\/\/hetbuitenlokaaldrenthe.nl\/de\/ueber-uns\/#breadcrumb"},"inLanguage":"de","potentialAction":[{"@type":"ReadAction","target":["https:\/\/hetbuitenlokaaldrenthe.nl\/de\/ueber-uns\/"]}]},{"@type":"ImageObject","inLanguage":"de","@id":"https:\/\/hetbuitenlokaaldrenthe.nl\/de\/ueber-uns\/#primaryimage","url":"https:\/\/hetbuitenlokaaldrenthe.nl\/wp-content\/uploads\/2025\/04\/over-ons.jpg","contentUrl":"https:\/\/hetbuitenlokaaldrenthe.nl\/wp-content\/uploads\/2025\/04\/over-ons.jpg","width":2000,"height":1334,"caption":"Appartement 1: Johan &amp;Klarien"},{"@type":"BreadcrumbList","@id":"https:\/\/hetbuitenlokaaldrenthe.nl\/de\/ueber-uns\/#breadcrumb","itemListElement":[{"@type":"ListItem","position":1,"name":"Home","item":"https:\/\/hetbuitenlokaaldrenthe.nl\/de\/"},{"@type":"ListItem","position":2,"name":"\u00dcber uns"}]},{"@type":"WebSite","@id":"https:\/\/hetbuitenlokaaldrenthe.nl\/#website","url":"https:\/\/hetbuitenlokaaldrenthe.nl\/","name":"Het Buitenlokaal","description":"Meesterlijk overnachten","publisher":{"@id":"https:\/\/hetbuitenlokaaldrenthe.nl\/#organization"},"alternateName":"Het Buitenlokaal Drenthe","potentialAction":[{"@type":"SearchAction","target":{"@type":"EntryPoint","urlTemplate":"https:\/\/hetbuitenlokaaldrenthe.nl\/?s={search_term_string}"},"query-input":{"@type":"PropertyValueSpecification","valueRequired":true,"valueName":"search_term_string"}}],"inLanguage":"de"},{"@type":"Organization","@id":"https:\/\/hetbuitenlokaaldrenthe.nl\/#organization","name":"Het Buitenlokaal","alternateName":"Het Buitenlokaal Drenthe","url":"https:\/\/hetbuitenlokaaldrenthe.nl\/","logo":{"@type":"ImageObject","inLanguage":"de","@id":"https:\/\/hetbuitenlokaaldrenthe.nl\/#\/schema\/logo\/image\/","url":"https:\/\/hetbuitenlokaaldrenthe.nl\/wp-content\/uploads\/2024\/05\/cropped-Het-Buitenlokaal-N-Beeldmerk.png","contentUrl":"https:\/\/hetbuitenlokaaldrenthe.nl\/wp-content\/uploads\/2024\/05\/cropped-Het-Buitenlokaal-N-Beeldmerk.png","width":512,"height":512,"caption":"Het Buitenlokaal"},"image":{"@id":"https:\/\/hetbuitenlokaaldrenthe.nl\/#\/schema\/logo\/image\/"},"sameAs":["https:\/\/www.instagram.com\/hetbuitenlokaaldrenthe\/"]}]}},"_links":{"self":[{"href":"https:\/\/hetbuitenlokaaldrenthe.nl\/de\/wp-json\/wp\/v2\/pages\/2200","targetHints":{"allow":["GET"]}}],"collection":[{"href":"https:\/\/hetbuitenlokaaldrenthe.nl\/de\/wp-json\/wp\/v2\/pages"}],"about":[{"href":"https:\/\/hetbuitenlokaaldrenthe.nl\/de\/wp-json\/wp\/v2\/types\/page"}],"author":[{"embeddable":true,"href":"https:\/\/hetbuitenlokaaldrenthe.nl\/de\/wp-json\/wp\/v2\/users\/1"}],"replies":[{"embeddable":true,"href":"https:\/\/hetbuitenlokaaldrenthe.nl\/de\/wp-json\/wp\/v2\/comments?post=2200"}],"version-history":[{"count":2,"href":"https:\/\/hetbuitenlokaaldrenthe.nl\/de\/wp-json\/wp\/v2\/pages\/2200\/revisions"}],"predecessor-version":[{"id":2202,"href":"https:\/\/hetbuitenlokaaldrenthe.nl\/de\/wp-json\/wp\/v2\/pages\/2200\/revisions\/2202"}],"wp:featuredmedia":[{"embeddable":true,"href":"https:\/\/hetbuitenlokaaldrenthe.nl\/de\/wp-json\/wp\/v2\/media\/2185"}],"wp:attachment":[{"href":"https:\/\/hetbuitenlokaaldrenthe.nl\/de\/wp-json\/wp\/v2\/media?parent=2200"}],"curies":[{"name":"wp","href":"https:\/\/api.w.org\/{rel}","templated":true}]}}